{"id":140,"date":"2022-10-06T18:39:37","date_gmt":"2022-10-06T16:39:37","guid":{"rendered":"http:\/\/creapik.com\/site\/?page_id=140"},"modified":"2025-11-06T11:07:22","modified_gmt":"2025-11-06T10:07:22","slug":"montages-video","status":"publish","type":"page","link":"https:\/\/creapik.com\/site\/montages-video\/","title":{"rendered":"Le reste (audio, vid\u00e9o\u2026)"},"content":{"rendered":"\n<p>Parce que si je me contentais de justaucorps, photos et affiches, j&rsquo;aurais encore beaucoup trop de temps libre&#8230; \ud83d\ude05<\/p>\n\n\n\n<p>Dans mes multiples casquettes au sein du club, je fais \u00e9galement des montages audio (beaucoup) et des montages vid\u00e9os (un peu).<\/p>\n\n\n\n<p>Les montages audio sont destin\u00e9s aux encha\u00eenements, je me suis donc permis un petit coup de gu*ule (humoristique) \u00e0 ce sujet :<\/p>\n\n\n\n<figure class=\"wp-block-embed is-type-video is-provider-youtube wp-block-embed-youtube wp-embed-aspect-9-16 wp-has-aspect-ratio\"><div class=\"wp-block-embed__wrapper\">\n<iframe loading=\"lazy\" title=\"coup de gu*ule montage audio\" width=\"540\" height=\"960\" src=\"https:\/\/www.youtube.com\/embed\/4J8Spu1BsHw?feature=oembed\" frameborder=\"0\" allow=\"accelerometer; autoplay; clipboard-write; encrypted-media; gyroscope; picture-in-picture; web-share\" referrerpolicy=\"strict-origin-when-cross-origin\" allowfullscreen><\/iframe>\n<\/div><\/figure>\n\n\n\n<p>Je fais beaucoup moins de montages vid\u00e9os. Apr\u00e8s quelques essais en 2015 sur Adobe Premiere, qui \u00e9taient tr\u00e8s chronophages pour un r\u00e9sultat assez d\u00e9cevant, j&rsquo;ai repris r\u00e9cemment, d&rsquo;abord pour alimenter mon compte instagram en reels sur la fabrication de justaucorps notamment, puis j&rsquo;en ai refait pour le club. J&rsquo;utilise actuellement l&rsquo;application mobile Inshot, qui, bien que beaucoup plus limit\u00e9e, me convient parfaitement et est beaucoup plus simple d&rsquo;utilisation !<\/p>\n\n\n\n<p class=\"has-large-font-size\">Montage Gala 2025 :<\/p>\n\n\n\n<figure class=\"wp-block-embed is-type-video is-provider-youtube wp-block-embed-youtube wp-embed-aspect-16-9 wp-has-aspect-ratio\"><div class=\"wp-block-embed__wrapper\">\n<iframe loading=\"lazy\" title=\"Gala 2025\" width=\"640\" height=\"360\" src=\"https:\/\/www.youtube.com\/embed\/wrstgBGNt9E?feature=oembed\" frameborder=\"0\" allow=\"accelerometer; autoplay; clipboard-write; encrypted-media; gyroscope; picture-in-picture; web-share\" referrerpolicy=\"strict-origin-when-cross-origin\" allowfullscreen><\/iframe>\n<\/div><\/figure>\n\n\n\n<p class=\"has-large-font-size\">Mes antiquit\u00e9s de 2015 :<\/p>\n\n\n\n<p>Vid\u00e9o promotionnelle pour l&rsquo;USRO Omnisports montrant tous les sports propos\u00e9s :<\/p>\n\n\n\n<figure class=\"wp-block-embed is-type-video is-provider-youtube wp-block-embed-youtube wp-embed-aspect-4-3 wp-has-aspect-ratio\"><div class=\"wp-block-embed__wrapper\">\n<iframe loading=\"lazy\" title=\"Union Sportive de Ris Orangis\" width=\"640\" height=\"480\" src=\"https:\/\/www.youtube.com\/embed\/7kFpXX_Bn74?feature=oembed\" frameborder=\"0\" allow=\"accelerometer; autoplay; clipboard-write; encrypted-media; gyroscope; picture-in-picture; web-share\" referrerpolicy=\"strict-origin-when-cross-origin\" allowfullscreen><\/iframe>\n<\/div><\/figure>\n\n\n\n<p class=\"has-medium-font-size\">Gala 2015 USRO GR :<\/p>\n\n\n\n<figure class=\"wp-block-embed is-type-video is-provider-youtube wp-block-embed-youtube wp-embed-aspect-16-9 wp-has-aspect-ratio\"><div class=\"wp-block-embed__wrapper\">\n<iframe loading=\"lazy\" title=\"Gala USRO GR 2015\" width=\"640\" height=\"360\" src=\"https:\/\/www.youtube.com\/embed\/gpQj3DcznCU?feature=oembed\" frameborder=\"0\" allow=\"accelerometer; autoplay; clipboard-write; encrypted-media; gyroscope; picture-in-picture; web-share\" referrerpolicy=\"strict-origin-when-cross-origin\" allowfullscreen><\/iframe>\n<\/div><\/figure>\n","protected":false},"excerpt":{"rendered":"<p>Parce que si je me contentais de justaucorps, photos et affiches, j&rsquo;aurais encore beaucoup trop de temps libre&#8230; \ud83d\ude05 Dans mes multiples casquettes au sein du club, je fais \u00e9galement des montages audio (beaucoup) et des montages vid\u00e9os (un peu). Les montages audio sont destin\u00e9s aux encha\u00eenements, je me suis donc permis un petit coup de gu*ule (humoristique) \u00e0 ce sujet : Je fais beaucoup moins de montages vid\u00e9os. Apr\u00e8s quelques essais en 2015 sur Adobe Premiere, qui \u00e9taient tr\u00e8s&#8230;<\/p>\n<p class=\"read-more\"><a class=\"btn btn-default\" href=\"https:\/\/creapik.com\/site\/montages-video\/\">Lire la suite<span class=\"screen-reader-text\"> Lire la suite<\/span><\/a><\/p>\n","protected":false},"author":1,"featured_media":0,"parent":0,"menu_order":0,"comment_status":"closed","ping_status":"closed","template":"","meta":{"footnotes":""},"class_list":["post-140","page","type-page","status-publish","hentry"],"_links":{"self":[{"href":"https:\/\/creapik.com\/site\/wp-json\/wp\/v2\/pages\/140","targetHints":{"allow":["GET"]}}],"collection":[{"href":"https:\/\/creapik.com\/site\/wp-json\/wp\/v2\/pages"}],"about":[{"href":"https:\/\/creapik.com\/site\/wp-json\/wp\/v2\/types\/page"}],"author":[{"embeddable":true,"href":"https:\/\/creapik.com\/site\/wp-json\/wp\/v2\/users\/1"}],"replies":[{"embeddable":true,"href":"https:\/\/creapik.com\/site\/wp-json\/wp\/v2\/comments?post=140"}],"version-history":[{"count":5,"href":"https:\/\/creapik.com\/site\/wp-json\/wp\/v2\/pages\/140\/revisions"}],"predecessor-version":[{"id":68551,"href":"https:\/\/creapik.com\/site\/wp-json\/wp\/v2\/pages\/140\/revisions\/68551"}],"wp:attachment":[{"href":"https:\/\/creapik.com\/site\/wp-json\/wp\/v2\/media?parent=140"}],"curies":[{"name":"wp","href":"https:\/\/api.w.org\/{rel}","templated":true}]}}