{"id":4972,"date":"2022-10-30T13:44:11","date_gmt":"2022-10-30T12:44:11","guid":{"rendered":"http:\/\/creapik.com\/site\/?page_id=4972"},"modified":"2022-10-30T13:46:30","modified_gmt":"2022-10-30T12:46:30","slug":"mentions-legales","status":"publish","type":"page","link":"https:\/\/creapik.com\/site\/mentions-legales\/","title":{"rendered":"Mentions l\u00e9gales"},"content":{"rendered":"\n<h2 class=\"wp-block-heading\">Pr\u00e9sentation du site :<\/h2>\n\n\n\n<p>Creapik est un site h\u00e9berg\u00e9 par <a rel=\"noreferrer noopener\" href=\"http:\/\/www.ovh.com\/\" target=\"_blank\">OVH<\/a>, 2 rue Kellermann &#8211; 59100 Roubaix &#8211; France.<br>Conform\u00e9ment \u00e0 la loi, les \u00e9l\u00e9ments d&rsquo;identification personnelle du propri\u00e9taire du site lui ont \u00e9t\u00e9 communiqu\u00e9s. <br><\/p>\n\n\n\n<h2 class=\"wp-block-heading\">Conditions g\u00e9n\u00e9rales d&rsquo;utilisation du site :<\/h2>\n\n\n\n<p>L&rsquo;utilisation du site Creapik implique l&rsquo;acceptation pleine et enti\u00e8re des conditions g\u00e9n\u00e9rales d&rsquo;utilisation ci-apr\u00e8s d\u00e9crites. Ces conditions d&rsquo;utilisation sont susceptibles d&rsquo;\u00eatre modifi\u00e9es ou compl\u00e9t\u00e9es \u00e0 tout moment, les utilisateurs de Creapik sont donc invit\u00e9s \u00e0 les consulter de mani\u00e8re r\u00e9guli\u00e8re.<br><\/p>\n\n\n\n<h2 class=\"wp-block-heading\">Description des services fournis :<\/h2>\n\n\n\n<p>Le site a pour objet d&rsquo;exposer des \u0153uvres artistiques et de fournir des informations dans le domaine de la photographie, du graphisme, du dessin, et du travail textile.<br><br>Le propri\u00e9taire du site s&rsquo;efforce de fournir des informations aussi pr\u00e9cises que possible. Toutefois, il ne pourra \u00eatre tenu responsable des omissions, des inexactitudes et des carences dans la mise \u00e0 jour, qu&rsquo;elles soient de son fait ou du fait de tiers.<br>Tous les informations indiqu\u00e9es sur le site sont donn\u00e9es \u00e0 titre indicatif, et sont susceptibles d&rsquo;\u00e9voluer. Par ailleurs, les renseignements figurant sur le site ne sont pas exhaustifs.<\/p>\n\n\n\n<h2 class=\"wp-block-heading\">Limitations contractuelles sur les donn\u00e9es techniques :<\/h2>\n\n\n\n<p>Le site utilise la technologie JavaScript.<br>Le site ne pourra \u00eatre tenu responsable de dommages mat\u00e9riels li\u00e9s \u00e0 son utilisation. De plus, l&rsquo;utilisateur du site s&rsquo;engage \u00e0 y acc\u00e9der en utilisant un mat\u00e9riel r\u00e9cent, ne contenant pas de virus et avec un navigateur de derni\u00e8re g\u00e9n\u00e9ration mis \u00e0 jour.<\/p>\n\n\n\n<h2 class=\"wp-block-heading\">Limitations de responsabilit\u00e9 :<\/h2>\n\n\n\n<p>Le propri\u00e9taire du site ne pourra \u00eatre tenu responsable des dommages directs et indirects caus\u00e9s au mat\u00e9riel de l&rsquo;utilisateur, lors de l&rsquo;acc\u00e8s au site, et r\u00e9sultant soit de l&rsquo;utilisation d&rsquo;un mat\u00e9riel ne r\u00e9pondant pas aux sp\u00e9cifications indiqu\u00e9es au point pr\u00e9c\u00e9dent, soit de l&rsquo;apparition d&rsquo;un bug ou d&rsquo;une incompatibilit\u00e9.<\/p>\n\n\n\n<h2 class=\"wp-block-heading\">Gestion des donn\u00e9es personnelles :<\/h2>\n\n\n\n<p>En France, les donn\u00e9es personnelles sont notamment prot\u00e9g\u00e9es par la loi n\u00b0 78-87 du 6 janvier 1978, la loi n\u00b0 2004-801 du 6 ao\u00fbt 2004, l&rsquo;article L. 226-13 du Code p\u00e9nal et la Directive Europ\u00e9enne du 24 octobre 1995.<br>L&rsquo;utilisateur fournit ses informations personnelles en toute connaissance de cause, notamment lorsqu&rsquo;il proc\u00e8de par lui-m\u00eame \u00e0 leur saisie. Il est alors pr\u00e9cis\u00e9 \u00e0 l&rsquo;utilisateur du site l&rsquo;obligation ou non de fournir ces informations.<br>Conform\u00e9ment aux dispositions des articles 38 et suivants de la loi 78-17 du 6 janvier 1978 relative \u00e0 l&rsquo;informatique, aux fichiers et aux libert\u00e9s, tout utilisateur dispose d&rsquo;un droit d&rsquo;acc\u00e8s, de rectification et d&rsquo;opposition aux donn\u00e9es personnelles le concernant, en effectuant sa demande \u00e9crite et sign\u00e9e, accompagn\u00e9e d&rsquo;une copie du titre d&rsquo;identit\u00e9 avec signature du titulaire de la pi\u00e8ce, en pr\u00e9cisant l&rsquo;adresse \u00e0 laquelle la r\u00e9ponse doit \u00eatre envoy\u00e9e.<br>Aucune information personnelle de l&rsquo;utilisateur du site n&rsquo;est publi\u00e9e \u00e0 l&rsquo;insu de l&rsquo;utilisateur, \u00e9chang\u00e9e, transf\u00e9r\u00e9e, c\u00e9d\u00e9e ou vendue sur un support quelconque \u00e0 des tiers.<br>Le site n&rsquo;est pas d\u00e9clar\u00e9 \u00e0 la CNIL car il ne recueille pas d&rsquo;informations personnelles.<br>Les bases de donn\u00e9es sont prot\u00e9g\u00e9es par les dispositions de la loi du 1er juillet 1998 transposant la directive 96\/9 du 11 mars 1996 relative \u00e0 la protection juridique des bases de donn\u00e9es.<\/p>\n\n\n\n<h2 class=\"wp-block-heading\">Liens hypertextes :<\/h2>\n\n\n\n<p>Le site contient un certain nombre de liens hypertextes vers d&rsquo;autres sites, mis en place avec l&rsquo;autorisation de l&rsquo;administrateur. Cependant, celui-ci n&rsquo;a pas la possibilit\u00e9 de v\u00e9rifier le contenu des sites ainsi visit\u00e9s, et n&rsquo;assumera en cons\u00e9quence aucune responsabilit\u00e9 de ce fait.<\/p>\n\n\n\n<h2 class=\"wp-block-heading\">Droit applicable et attribution de juridiction :<\/h2>\n\n\n\n<p>Tout litige en relation avec l&rsquo;utilisation du site est soumis au droit fran\u00e7ais. Il est fait attribution exclusive de juridiction aux tribunaux comp\u00e9tents de Paris.<\/p>\n\n\n\n<h2 class=\"wp-block-heading\">Les principales lois concern\u00e9es :<\/h2>\n\n\n\n<p>Loi n\u00b0 78-87 du 6 janvier 1978, notamment modifi\u00e9e par la loi n\u00b0 2004-801 du 6 ao\u00fbt 2004 relative \u00e0 l&rsquo;informatique, aux fichiers et aux libert\u00e9s.<br>Loi n\u00b0 2004-575 du 21 juin 2004 pour la confiance dans l&rsquo;\u00e9conomie num\u00e9rique.<\/p>\n\n\n\n<h2 class=\"wp-block-heading\">Lexique :<\/h2>\n\n\n\n<p>Utilisateur : Internaute se connectant, utilisant le site susnomm\u00e9.<br>Informations personnelles : \u00ab\u00a0les informations qui permettent, sous quelque forme que ce soit, directement ou non, l&rsquo;identification des personnes physiques auxquelles elles s&rsquo;appliquent\u00a0\u00bb (article 4 de la loi n\u00b0 78-17 du 6 janvier 1978).<\/p>\n","protected":false},"excerpt":{"rendered":"<p>Pr\u00e9sentation du site : Creapik est un site h\u00e9berg\u00e9 par OVH, 2 rue Kellermann &#8211; 59100 Roubaix &#8211; France.Conform\u00e9ment \u00e0 la loi, les \u00e9l\u00e9ments d&rsquo;identification personnelle du propri\u00e9taire du site lui ont \u00e9t\u00e9 communiqu\u00e9s. Conditions g\u00e9n\u00e9rales d&rsquo;utilisation du site : L&rsquo;utilisation du site Creapik implique l&rsquo;acceptation pleine et enti\u00e8re des conditions g\u00e9n\u00e9rales d&rsquo;utilisation ci-apr\u00e8s d\u00e9crites. Ces conditions d&rsquo;utilisation sont susceptibles d&rsquo;\u00eatre modifi\u00e9es ou compl\u00e9t\u00e9es \u00e0 tout moment, les utilisateurs de Creapik sont donc invit\u00e9s \u00e0 les consulter de mani\u00e8re r\u00e9guli\u00e8re&#8230;.<\/p>\n<p class=\"read-more\"><a class=\"btn btn-default\" href=\"https:\/\/creapik.com\/site\/mentions-legales\/\">Lire la suite<span class=\"screen-reader-text\"> Lire la suite<\/span><\/a><\/p>\n","protected":false},"author":1,"featured_media":0,"parent":0,"menu_order":0,"comment_status":"closed","ping_status":"closed","template":"","meta":{"footnotes":""},"class_list":["post-4972","page","type-page","status-publish","hentry"],"_links":{"self":[{"href":"https:\/\/creapik.com\/site\/wp-json\/wp\/v2\/pages\/4972","targetHints":{"allow":["GET"]}}],"collection":[{"href":"https:\/\/creapik.com\/site\/wp-json\/wp\/v2\/pages"}],"about":[{"href":"https:\/\/creapik.com\/site\/wp-json\/wp\/v2\/types\/page"}],"author":[{"embeddable":true,"href":"https:\/\/creapik.com\/site\/wp-json\/wp\/v2\/users\/1"}],"replies":[{"embeddable":true,"href":"https:\/\/creapik.com\/site\/wp-json\/wp\/v2\/comments?post=4972"}],"version-history":[{"count":2,"href":"https:\/\/creapik.com\/site\/wp-json\/wp\/v2\/pages\/4972\/revisions"}],"predecessor-version":[{"id":4974,"href":"https:\/\/creapik.com\/site\/wp-json\/wp\/v2\/pages\/4972\/revisions\/4974"}],"wp:attachment":[{"href":"https:\/\/creapik.com\/site\/wp-json\/wp\/v2\/media?parent=4972"}],"curies":[{"name":"wp","href":"https:\/\/api.w.org\/{rel}","templated":true}]}}